{"id":12,"date":"2025-04-21T15:05:53","date_gmt":"2025-04-21T15:05:53","guid":{"rendered":"https:\/\/atenajoalharia.pt\/fundacao\/?page_id=12"},"modified":"2025-06-17T13:51:40","modified_gmt":"2025-06-17T13:51:40","slug":"homepage","status":"publish","type":"page","link":"https:\/\/fundacaonunesbarata.pt\/","title":{"rendered":"Homepage"},"content":{"rendered":"\t\t<div data-elementor-type=\"wp-page\" data-elementor-id=\"12\" class=\"elementor elementor-12\" data-elementor-post-type=\"page\">\n\t\t\t\t<div class=\"elementor-element elementor-element-15bc996 e-con-full e-flex e-con e-parent\" data-id=\"15bc996\" data-element_type=\"container\">\n\t\t\t\t<div class=\"elementor-element elementor-element-2a29812 elementor-widget__width-initial elementor-arrows-position-inside elementor-pagination-position-outside elementor-widget elementor-widget-image-carousel\" data-id=\"2a29812\" data-element_type=\"widget\" data-settings=\"{&quot;slides_to_show&quot;:&quot;1&quot;,&quot;navigation&quot;:&quot;both&quot;,&quot;autoplay&quot;:&quot;yes&quot;,&quot;pause_on_hover&quot;:&quot;yes&quot;,&quot;pause_on_interaction&quot;:&quot;yes&quot;,&quot;autoplay_speed&quot;:5000,&quot;infinite&quot;:&quot;yes&quot;,&quot;effect&quot;:&quot;slide&quot;,&quot;speed&quot;:500}\" data-widget_type=\"image-carousel.default\">\n\t\t\t\t<div class=\"elementor-widget-container\">\n\t\t\t\t\t\t\t<div class=\"elementor-image-carousel-wrapper swiper\" role=\"region\" aria-roledescription=\"carousel\" aria-label=\"Carrossel de imagens\" dir=\"ltr\">\n\t\t\t<div class=\"elementor-image-carousel swiper-wrapper swiper-image-stretch\" aria-live=\"off\">\n\t\t\t\t\t\t\t\t<div class=\"swiper-slide\" role=\"group\" aria-roledescription=\"slide\" aria-label=\"1 of 1\"><figure class=\"swiper-slide-inner\"><img decoding=\"async\" class=\"swiper-slide-image\" src=\"https:\/\/fundacaonunesbarata.pt\/wp-content\/uploads\/2025\/04\/2024_08_11___fundacao_84_1_1024_2500-e1745252652591.jpg\" alt=\"2024_08_11___fundacao_84_1_1024_2500\" \/><\/figure><\/div>\t\t\t<\/div>\n\t\t\t\t\t<\/div>\n\t\t\t\t\t\t<\/div>\n\t\t\t\t<\/div>\n\t\t\t\t<\/div>\n\t\t<div class=\"elementor-element elementor-element-68bf2ab e-flex e-con-boxed e-con e-parent\" data-id=\"68bf2ab\" data-element_type=\"container\">\n\t\t\t\t\t<div class=\"e-con-inner\">\n\t\t<div class=\"elementor-element elementor-element-e3b5c9e e-con-full e-flex e-con e-child\" data-id=\"e3b5c9e\" data-element_type=\"container\">\n\t\t\t\t<div class=\"elementor-element elementor-element-01eb6b4 elementor-widget elementor-widget-text-editor\" data-id=\"01eb6b4\" data-element_type=\"widget\" data-widget_type=\"text-editor.default\">\n\t\t\t\t<div class=\"elementor-widget-container\">\n\t\t\t\t\t\t\t\t\t<p>A nossa<\/p><p><span style=\"text-decoration: underline; text-decoration-color: #84754E; text-decoration-thickness: 3px; text-underline-offset: 5px;\">funda\u00e7\u00e3o<\/span><\/p>\t\t\t\t\t\t\t\t<\/div>\n\t\t\t\t<\/div>\n\t\t<div class=\"elementor-element elementor-element-f09d366 e-con-full e-flex e-con e-child\" data-id=\"f09d366\" data-element_type=\"container\">\n\t\t\t\t<div class=\"elementor-element elementor-element-c88c985 elementor-widget elementor-widget-html\" data-id=\"c88c985\" data-element_type=\"widget\" data-widget_type=\"html.default\">\n\t\t\t\t<div class=\"elementor-widget-container\">\n\t\t\t\t\t<ul class=\"lista-customizada\">\r\n  <li  >Perpetuar a mem\u00f3ria do Dr. Jos\u00e9 Fernando Nunes Barata;\r\n<\/li>\r\n  <li  >Conceder bolsas de estudo a estudantes economicamente carenciados para apoio nos estudos;<\/li>\r\n  <li  >Levar a efeito iniciativas de solidariedade e a\u00e7\u00e3o social de apoio \u00e0 inf\u00e2ncia, juventude e \u00e0 prote\u00e7\u00e3o dos cidad\u00e3os na velhice e terceira idade;\r\n<\/li>\r\n  <li  >Promover iniciativas de prote\u00e7\u00e3o \u00e0 sa\u00fade, designadamente rela\u00e7\u00e3o aos mais desfavorecidos;\r\n<\/li>\r\n  <li  >Promover, executar e patrocinar projetos de investiga\u00e7\u00e3o em \u00e1reas onde se inserem os objetivos da funda\u00e7\u00e3o.<\/li>\r\n<\/ul>\r\n\t\t\t\t<\/div>\n\t\t\t\t<\/div>\n\t\t\t\t<\/div>\n\t\t\t\t<\/div>\n\t\t<div class=\"elementor-element elementor-element-e64e56c e-con-full e-flex e-con e-child\" data-id=\"e64e56c\" data-element_type=\"container\">\n\t\t\t\t<div class=\"elementor-element elementor-element-bb4027c elementor-widget elementor-widget-text-editor\" data-id=\"bb4027c\" data-element_type=\"widget\" data-widget_type=\"text-editor.default\">\n\t\t\t\t<div class=\"elementor-widget-container\">\n\t\t\t\t\t\t\t\t\t<p>A presid\u00eancia do conselho de ministros, atrav\u00e9s do gabinete do ministro da presid\u00eancia e dos assuntos parlamentares por despacho de 2 de Dezembro de 2014, publicou em di\u00e1rio da rep\u00fablica de 11 de Dezembro, o reconhecimento da Funda\u00e7\u00e3o Dr. Jos\u00e9 Fernando Nunes Barata.<\/p><p>A Funda\u00e7\u00e3o Dr. Jos\u00e9 Fernando Nunes Barata, com aprova\u00e7\u00e3o e registo no cart\u00f3rio notarial de Pampilhosa da Serra dos seus estatutos, em 06 de Novembro de 2014, inicia, agora, os seus prop\u00f3sitos corporizando a ideia e os objetivos da Dr.\u00aa Maria de Lourdes Telma Fernandes Barata e do munic\u00edpio de Pampilhosa da Serra principais instituidores da Funda\u00e7\u00e3o:<\/p>\t\t\t\t\t\t\t\t<\/div>\n\t\t\t\t<\/div>\n\t\t<div class=\"elementor-element elementor-element-a4676f6 e-con-full elementor-hidden-mobile e-flex e-con e-child\" data-id=\"a4676f6\" data-element_type=\"container\">\n\t\t\t\t<div class=\"elementor-element elementor-element-be88260 elementor-widget elementor-widget-image\" data-id=\"be88260\" data-element_type=\"widget\" data-widget_type=\"image.default\">\n\t\t\t\t<div class=\"elementor-widget-container\">\n\t\t\t\t\t\t\t\t\t\t\t\t\t\t\t<img fetchpriority=\"high\" decoding=\"async\" width=\"800\" height=\"459\" src=\"https:\/\/fundacaonunesbarata.pt\/wp-content\/uploads\/2025\/04\/P5-monsenhor-nunes-pereira_t-1.png\" class=\"attachment-large size-large wp-image-116\" alt=\"\" srcset=\"https:\/\/fundacaonunesbarata.pt\/wp-content\/uploads\/2025\/04\/P5-monsenhor-nunes-pereira_t-1.png 894w, https:\/\/fundacaonunesbarata.pt\/wp-content\/uploads\/2025\/04\/P5-monsenhor-nunes-pereira_t-1-300x172.png 300w, https:\/\/fundacaonunesbarata.pt\/wp-content\/uploads\/2025\/04\/P5-monsenhor-nunes-pereira_t-1-768x441.png 768w\" sizes=\"(max-width: 800px) 100vw, 800px\" \/>\t\t\t\t\t\t\t\t\t\t\t\t\t\t\t<\/div>\n\t\t\t\t<\/div>\n\t\t\t\t<\/div>\n\t\t\t\t<\/div>\n\t\t\t\t\t<\/div>\n\t\t\t\t<\/div>\n\t\t<div class=\"elementor-element elementor-element-85ff45b e-flex e-con-boxed e-con e-parent\" data-id=\"85ff45b\" data-element_type=\"container\">\n\t\t\t\t\t<div class=\"e-con-inner\">\n\t\t<div class=\"elementor-element elementor-element-a1e2560 e-con-full e-flex e-con e-child\" data-id=\"a1e2560\" data-element_type=\"container\">\n\t\t\t\t<div class=\"elementor-element elementor-element-3b4a903 elementor-widget-tablet__width-initial elementor-widget elementor-widget-image\" data-id=\"3b4a903\" data-element_type=\"widget\" data-widget_type=\"image.default\">\n\t\t\t\t<div class=\"elementor-widget-container\">\n\t\t\t\t\t\t\t\t\t\t\t\t\t\t\t<img decoding=\"async\" width=\"350\" height=\"468\" src=\"https:\/\/fundacaonunesbarata.pt\/wp-content\/uploads\/2025\/04\/foto_patrono.jpg\" class=\"attachment-large size-large wp-image-27\" alt=\"\" srcset=\"https:\/\/fundacaonunesbarata.pt\/wp-content\/uploads\/2025\/04\/foto_patrono.jpg 350w, https:\/\/fundacaonunesbarata.pt\/wp-content\/uploads\/2025\/04\/foto_patrono-224x300.jpg 224w\" sizes=\"(max-width: 350px) 100vw, 350px\" \/>\t\t\t\t\t\t\t\t\t\t\t\t\t\t\t<\/div>\n\t\t\t\t<\/div>\n\t\t\t\t<\/div>\n\t\t<div class=\"elementor-element elementor-element-e080258 e-con-full e-flex e-con e-child\" data-id=\"e080258\" data-element_type=\"container\">\n\t\t\t\t<div class=\"elementor-element elementor-element-f771642 elementor-widget elementor-widget-text-editor\" data-id=\"f771642\" data-element_type=\"widget\" data-widget_type=\"text-editor.default\">\n\t\t\t\t<div class=\"elementor-widget-container\">\n\t\t\t\t\t\t\t\t\t<p><span style=\"text-decoration: underline; text-decoration-color: #84754E; text-decoration-thickness: 3px; text-underline-offset: 5px;\">O PATRONO<\/span><\/p>\t\t\t\t\t\t\t\t<\/div>\n\t\t\t\t<\/div>\n\t\t\t\t<div class=\"elementor-element elementor-element-b0a3ef1 elementor-widget elementor-widget-image\" data-id=\"b0a3ef1\" data-element_type=\"widget\" data-widget_type=\"image.default\">\n\t\t\t\t<div class=\"elementor-widget-container\">\n\t\t\t\t\t\t\t\t\t\t\t\t\t\t\t<img decoding=\"async\" width=\"800\" height=\"391\" src=\"https:\/\/fundacaonunesbarata.pt\/wp-content\/uploads\/2025\/04\/Asset-10-1024x500.png\" class=\"attachment-large size-large wp-image-25\" alt=\"\" srcset=\"https:\/\/fundacaonunesbarata.pt\/wp-content\/uploads\/2025\/04\/Asset-10-1024x500.png 1024w, https:\/\/fundacaonunesbarata.pt\/wp-content\/uploads\/2025\/04\/Asset-10-300x147.png 300w, https:\/\/fundacaonunesbarata.pt\/wp-content\/uploads\/2025\/04\/Asset-10-768x375.png 768w, https:\/\/fundacaonunesbarata.pt\/wp-content\/uploads\/2025\/04\/Asset-10-1536x750.png 1536w, https:\/\/fundacaonunesbarata.pt\/wp-content\/uploads\/2025\/04\/Asset-10.png 1703w\" sizes=\"(max-width: 800px) 100vw, 800px\" \/>\t\t\t\t\t\t\t\t\t\t\t\t\t\t\t<\/div>\n\t\t\t\t<\/div>\n\t\t\t\t<\/div>\n\t\t\t\t\t<\/div>\n\t\t\t\t<\/div>\n\t\t<div class=\"elementor-element elementor-element-3ea3885 e-flex e-con-boxed e-con e-parent\" data-id=\"3ea3885\" data-element_type=\"container\" data-settings=\"{&quot;background_background&quot;:&quot;classic&quot;}\">\n\t\t\t\t\t<div class=\"e-con-inner\">\n\t\t<div class=\"elementor-element elementor-element-7617662 e-con-full e-flex e-con e-child\" data-id=\"7617662\" data-element_type=\"container\">\n\t\t\t\t<div class=\"elementor-element elementor-element-713b0ee elementor-widget elementor-widget-html\" data-id=\"713b0ee\" data-element_type=\"widget\" data-widget_type=\"html.default\">\n\t\t\t\t<div class=\"elementor-widget-container\">\n\t\t\t\t\t<ul class=\"lista-bullets-unicas\">\r\n  <li  class=\"bullet-img-1\">Nasce a 1 de Setembro de 1927, na vila de Pampilhosa da Serra. Filho de  Jos\u00e9 Augusto Nunes Barata, Tesoureiro da Fazenda P\u00fablica de Pampilhosa  da Serra, e de Maria da Anuncia\u00e7\u00e3o Lucas Barata, Professora Prim\u00e1ria na  Escola do Cabril.<\/li>\r\n  <li   class=\"bullet-img-2\">Frequentou o Ensino Prim\u00e1rio em Pampilhosa da Serra e o Ensino  Secund\u00e1rio e Universit\u00e1rio na cidade de Coimbra. Em 1951 licenciou-se em Direito com distin\u00e7\u00e3o. Nesse mesmo ano \u00e9 nomeado Conservador do Registo Civil Interino de Pampilhosa da Serra, passando a exercer as fun\u00e7\u00f5es  inerentes de Juiz do Julgado Municipal de Pampilhosa da Serra.<\/li>\r\n  <li   class=\"bullet-img-3\">Em 1952  completou a P\u00f3s-Gradua\u00e7\u00e3o em Ci\u00eancias Pol\u00edtico-Econ\u00f3micas na Faculdade  de Direito da Universidade de Coimbra e a 18 de Outubro desse mesmo ano \u00e9 nomeado Chefe da Secretaria da C\u00e2mara Municipal de Coimbra, cargo que  desempenhou at\u00e9 21 de Junho de 1957.<\/li>\r\n  <li   class=\"bullet-img-4\">Em 1957  editou, juntamente com Joaquim de Oliveira Lirio, a \u00abRevista de Direito  Administrativo\u00bb, publica\u00e7\u00e3o trimestral, mantendo-se seu Diretor e  Propriet\u00e1rio at\u00e9 1971. Em 21 de Junho desse ano toma posse como Inspetor Administrativo do Minist\u00e9rio do Interior, suspendendo nesta data a sua  inscri\u00e7\u00e3o na Ordem dos Advogados, por incompatibilidade funcional.<\/li>\r\n  <li   class=\"bullet-img-5\">Em 1958  iniciou o exerc\u00edcio de fun\u00e7\u00f5es como Deputado da Assembleia Nacional,  atividade que manteve em v\u00e1rias legislaturas, at\u00e9 1974.<\/li>\r\n  <li   class=\"bullet-img-6\">Em 1959 \u00e9 editada a Revista \u201cBrot\u00e9ria\u201d da qual se manteve colaborador at\u00e9 \u00e0 data da sua morte.<\/li>\r\n<\/ul>\r\n\r\n\t\t\t\t<\/div>\n\t\t\t\t<\/div>\n\t\t\t\t<\/div>\n\t\t<div class=\"elementor-element elementor-element-a0cd9fd e-con-full e-flex e-con e-child\" data-id=\"a0cd9fd\" data-element_type=\"container\">\n\t\t\t\t<div class=\"elementor-element elementor-element-4f701b7 elementor-widget elementor-widget-html\" data-id=\"4f701b7\" data-element_type=\"widget\" data-widget_type=\"html.default\">\n\t\t\t\t<div class=\"elementor-widget-container\">\n\t\t\t\t\t<ul class=\"lista-bullets-unicas\">\r\n  <li class=\"bullet-img-7\">Em 1966 \u00e9 nomeado Diretor do Centro de Estudos do Gr\u00e9mio Nacional das Ag\u00eancias de Viagens e Turismo e em 1969 passa a desempenhar fun\u00e7\u00f5es de Procurador  da C\u00e2mara Corporativa, onde exerceu papel relevante na Legisla\u00e7\u00e3o sobre  Turismo em Portugal.<\/li>\r\n  <li class=\"bullet-img-8\">Em 1970  realiza como Inspetor Superior da Economia do Ultramar, v\u00e1rias viagens  de trabalho a Angola, Mo\u00e7ambique, Cabo-Verde, Guin\u00e9 e S. Tom\u00e9 e  Pr\u00edncipe, sendo entretanto nomeado Agente-Geral do Ultramar, cargo que  mant\u00e9m at\u00e9 Abril de 1974.<\/li>\r\n  <li  class=\"bullet-img-9\">Em 1975  viaja para o Brasil, onde exerce, durante dois anos, as fun\u00e7\u00f5es de  professor Universit\u00e1rio Convidado, nas Universidades Estatal e  Particular (Col\u00e9gio Moderno) de Bel\u00e9m do Par\u00e1.<\/li>\r\n  <li  class=\"bullet-img-10\" >Em 1977  regressa a Lisboa para assumir as fun\u00e7\u00f5es de Coordenador do gabinete  Jur\u00eddico-Econ\u00f3mico da Uni\u00e3o de Associa\u00e7\u00f5es da Ind\u00fastria Hoteleira e  Similares de Portugal, para que fora tamb\u00e9m convidado. Paralelamente,  exerce a advocacia, no seu escrit\u00f3rio na cidade de Lisboa. Colabora  ativamente em diversas obras, das quais se destaca a \u201cEnciclop\u00e9dia  P\u00f3lis\u201d. Na Imprensa Regional colabora com o \u201cJornal do Fund\u00e3o\u201d e  \u201cComarca de Arganil\u201d.<\/li>\r\n  <li   class=\"bullet-img-11\">Morre a 3 de Maio de 1998, encontrando-se sepultado no cemit\u00e9rio de Pampilhosa da Serra.<\/li>\r\n<\/ul>\r\n\t\t\t\t<\/div>\n\t\t\t\t<\/div>\n\t\t\t\t<div class=\"elementor-element elementor-element-c9d0e30 elementor-widget elementor-widget-text-editor\" data-id=\"c9d0e30\" data-element_type=\"widget\" data-widget_type=\"text-editor.default\">\n\t\t\t\t<div class=\"elementor-widget-container\">\n\t\t\t\t\t\t\t\t\t<p>Lega a sua Biblioteca Particular \u00e0 C\u00e2mara Municipal de Pampilhosa da Serra para que a coloque ao servi\u00e7o da popula\u00e7\u00e3o. Desta Biblioteca, composta por mais de 8000 volumes, destacam-se in\u00fameras obras, escritos, estudos e ensaios de que foi autor.<\/p>\t\t\t\t\t\t\t\t<\/div>\n\t\t\t\t<\/div>\n\t\t\t\t<\/div>\n\t\t\t\t\t<\/div>\n\t\t\t\t<\/div>\n\t\t<div class=\"elementor-element elementor-element-9e74c58 e-flex e-con-boxed e-con e-parent\" data-id=\"9e74c58\" data-element_type=\"container\">\n\t\t\t\t\t<div class=\"e-con-inner\">\n\t\t\t\t<div class=\"elementor-element elementor-element-bd1139c elementor-widget elementor-widget-video\" data-id=\"bd1139c\" data-element_type=\"widget\" data-settings=\"{&quot;video_type&quot;:&quot;hosted&quot;,&quot;controls&quot;:&quot;yes&quot;}\" data-widget_type=\"video.default\">\n\t\t\t\t<div class=\"elementor-widget-container\">\n\t\t\t\t\t\t\t<div class=\"e-hosted-video elementor-wrapper elementor-open-inline\">\n\t\t\t\t\t<video class=\"elementor-video\" src=\"https:\/\/fundacaonunesbarata.pt\/wp-content\/uploads\/2025\/06\/CCN_Fundacao_Preview-1-1.mp4\" controls=\"\" preload=\"metadata\" controlsList=\"nodownload\" poster=\"https:\/\/fundacaonunesbarata.pt\/wp-content\/uploads\/2025\/06\/cover-video-1.png\"><\/video>\n\t\t\t\t<\/div>\n\t\t\t\t\t\t<\/div>\n\t\t\t\t<\/div>\n\t\t\t\t\t<\/div>\n\t\t\t\t<\/div>\n\t\t\t\t<\/div>\n\t\t","protected":false},"excerpt":{"rendered":"<p>A nossa funda\u00e7\u00e3o Perpetuar a mem\u00f3ria do Dr. Jos\u00e9 Fernando Nunes Barata; Conceder bolsas de estudo a estudantes economicamente carenciados para apoio nos estudos; Levar a efeito iniciativas de solidariedade e a\u00e7\u00e3o social de apoio \u00e0 inf\u00e2ncia, juventude e \u00e0 prote\u00e7\u00e3o dos cidad\u00e3os na velhice e terceira idade; Promover iniciativas de prote\u00e7\u00e3o \u00e0 sa\u00fade, designadamente [&hellip;]<\/p>\n","protected":false},"author":1,"featured_media":0,"parent":0,"menu_order":0,"comment_status":"closed","ping_status":"closed","template":"elementor_header_footer","meta":{"footnotes":""},"class_list":["post-12","page","type-page","status-publish","hentry"],"_links":{"self":[{"href":"https:\/\/fundacaonunesbarata.pt\/index.php\/wp-json\/wp\/v2\/pages\/12","targetHints":{"allow":["GET"]}}],"collection":[{"href":"https:\/\/fundacaonunesbarata.pt\/index.php\/wp-json\/wp\/v2\/pages"}],"about":[{"href":"https:\/\/fundacaonunesbarata.pt\/index.php\/wp-json\/wp\/v2\/types\/page"}],"author":[{"embeddable":true,"href":"https:\/\/fundacaonunesbarata.pt\/index.php\/wp-json\/wp\/v2\/users\/1"}],"replies":[{"embeddable":true,"href":"https:\/\/fundacaonunesbarata.pt\/index.php\/wp-json\/wp\/v2\/comments?post=12"}],"version-history":[{"count":172,"href":"https:\/\/fundacaonunesbarata.pt\/index.php\/wp-json\/wp\/v2\/pages\/12\/revisions"}],"predecessor-version":[{"id":1448,"href":"https:\/\/fundacaonunesbarata.pt\/index.php\/wp-json\/wp\/v2\/pages\/12\/revisions\/1448"}],"wp:attachment":[{"href":"https:\/\/fundacaonunesbarata.pt\/index.php\/wp-json\/wp\/v2\/media?parent=12"}],"curies":[{"name":"wp","href":"https:\/\/api.w.org\/{rel}","templated":true}]}}