{"id":1235,"date":"2025-06-03T16:04:55","date_gmt":"2025-06-03T16:04:55","guid":{"rendered":"https:\/\/atenajoalharia.pt\/fundacao\/?page_id=1235"},"modified":"2025-11-25T10:12:10","modified_gmt":"2025-11-25T10:12:10","slug":"bolachas","status":"publish","type":"page","link":"https:\/\/fundacaonunesbarata.pt\/index.php\/bolachas\/","title":{"rendered":"Programas"},"content":{"rendered":"\t\t<div data-elementor-type=\"wp-page\" data-elementor-id=\"1235\" class=\"elementor elementor-1235\" data-elementor-post-type=\"page\">\n\t\t\t\t<div class=\"elementor-element elementor-element-9b7f824 e-flex e-con-boxed e-con e-parent\" data-id=\"9b7f824\" data-element_type=\"container\">\n\t\t\t\t\t<div class=\"e-con-inner\">\n\t\t\t\t<div class=\"elementor-element elementor-element-1a953a7 elementor-widget elementor-widget-text-editor\" data-id=\"1a953a7\" data-element_type=\"widget\" data-widget_type=\"text-editor.default\">\n\t\t\t\t<div class=\"elementor-widget-container\">\n\t\t\t\t\t\t\t\t\t<p><span style=\"text-decoration: underline; text-decoration-color: #84754E; text-decoration-thickness: 3px; text-underline-offset: 5px;\">Programas<\/span><\/p>\t\t\t\t\t\t\t\t<\/div>\n\t\t\t\t<\/div>\n\t\t\t\t\t<\/div>\n\t\t\t\t<\/div>\n\t\t<div class=\"elementor-element elementor-element-01f72c0 e-flex e-con-boxed e-con e-parent\" data-id=\"01f72c0\" data-element_type=\"container\">\n\t\t\t\t\t<div class=\"e-con-inner\">\n\t\t<div class=\"elementor-element elementor-element-c9f7243 e-con-full elementor-hidden-mobile e-flex e-con e-child\" data-id=\"c9f7243\" data-element_type=\"container\">\n\t\t\t\t<\/div>\n\t\t<div class=\"elementor-element elementor-element-d98fcc2 e-con-full e-flex e-con e-child\" data-id=\"d98fcc2\" data-element_type=\"container\">\n\t\t\t\t<div class=\"elementor-element elementor-element-1c0e7e1 elementor-widget elementor-widget-text-editor\" data-id=\"1c0e7e1\" data-element_type=\"widget\" data-widget_type=\"text-editor.default\">\n\t\t\t\t<div class=\"elementor-widget-container\">\n\t\t\t\t\t\t\t\t\t<p>FUNDO DE EMERG\u00caNCIA SOCIAL E<br \/>DE APOIO \u00c0 SA\u00daDE<\/p>\t\t\t\t\t\t\t\t<\/div>\n\t\t\t\t<\/div>\n\t\t\t\t<\/div>\n\t\t\t\t\t<\/div>\n\t\t\t\t<\/div>\n\t\t<div class=\"elementor-element elementor-element-c679562 e-flex e-con-boxed e-con e-parent\" data-id=\"c679562\" data-element_type=\"container\">\n\t\t\t\t\t<div class=\"e-con-inner\">\n\t\t<div class=\"elementor-element elementor-element-914df13 e-con-full e-flex e-con e-child\" data-id=\"914df13\" data-element_type=\"container\">\n\t\t\t\t<div class=\"elementor-element elementor-element-8bce39b elementor-widget elementor-widget-text-editor\" data-id=\"8bce39b\" data-element_type=\"widget\" data-widget_type=\"text-editor.default\">\n\t\t\t\t<div class=\"elementor-widget-container\">\n\t\t\t\t\t\t\t\t\t<p>Trata-se de um dos mais antigos programas implementados pela Funda\u00e7\u00e3o Dr. Jos\u00e9 Fernando Nunes Barata, com o objetivo de promover o apoio aos Pampilhosenses mais carenciados a n\u00edvel da sa\u00fade. Neste sentido, o Programa Fundo de Emerg\u00eancia Social e de Apoio \u00e0 Sa\u00fade \u00e9 em si um sistema de apoio financeiro direcionado \u00e0 popula\u00e7\u00e3o mun\u00edcipe em situa\u00e7\u00e3o mais prec\u00e1ria, direcionado ao aux\u00edlio complementar em despesas de sa\u00fade, sejam estas destinadas \u00e0 aquisi\u00e7\u00e3o de medica\u00e7\u00e3o, produtos de apoio (ajudas t\u00e9cnicas), servi\u00e7os ou outros meios de corre\u00e7\u00e3o e compensa\u00e7\u00e3o.<\/p>\t\t\t\t\t\t\t\t<\/div>\n\t\t\t\t<\/div>\n\t\t\t\t<\/div>\n\t\t<div class=\"elementor-element elementor-element-6a1a70e e-con-full e-flex e-con e-child\" data-id=\"6a1a70e\" data-element_type=\"container\">\n\t\t\t\t<div class=\"elementor-element elementor-element-3c589db elementor-widget elementor-widget-text-editor\" data-id=\"3c589db\" data-element_type=\"widget\" data-widget_type=\"text-editor.default\">\n\t\t\t\t<div class=\"elementor-widget-container\">\n\t\t\t\t\t\t\t\t\tO seu Regulamento foi aprovado, com parecer favor\u00e1vel do Conselho de Curadores, por delibera\u00e7\u00e3o do Conselho de Administra\u00e7\u00e3o a 10 de abril de 2015, tendo desde ent\u00e3o e at\u00e9 \u00e0 data apoiado os pampilhosenses.\n\n<span style=\"text-decoration: underline; text-decoration-color: #84754E;\"><a href=\"https:\/\/fundacaonunesbarata.pt\/wp-content\/uploads\/2025\/05\/Regulamento-Fundo-de-Emergencia-Social-e-de-Apoio-a-Saude.pdf\">Regulamento do Fundo de <span style=\"color: #84754e;\">Emerg\u00eancia<\/span> Social e de Apoio \u00e0 Sa\u00fade da Funda\u00e7\u00e3o Dr. Jos\u00e9 Fernando Nunes Barata<\/a><\/span>\t\t\t\t\t\t\t\t<\/div>\n\t\t\t\t<\/div>\n\t\t\t\t<\/div>\n\t\t\t\t\t<\/div>\n\t\t\t\t<\/div>\n\t\t<div class=\"elementor-element elementor-element-12a49d3 e-flex e-con-boxed e-con e-parent\" data-id=\"12a49d3\" data-element_type=\"container\">\n\t\t\t\t\t<div class=\"e-con-inner\">\n\t\t<div class=\"elementor-element elementor-element-002d0d4 e-con-full e-flex e-con e-child\" data-id=\"002d0d4\" data-element_type=\"container\">\n\t\t\t\t<div class=\"elementor-element elementor-element-0e12703 elementor-widget elementor-widget-text-editor\" data-id=\"0e12703\" data-element_type=\"widget\" data-widget_type=\"text-editor.default\">\n\t\t\t\t<div class=\"elementor-widget-container\">\n\t\t\t\t\t\t\t\t\t<p>EDUCA\u00c7\u00c3O +<\/p>\t\t\t\t\t\t\t\t<\/div>\n\t\t\t\t<\/div>\n\t\t\t\t<\/div>\n\t\t<div class=\"elementor-element elementor-element-cdc0dd8 e-con-full elementor-hidden-mobile e-flex e-con e-child\" data-id=\"cdc0dd8\" data-element_type=\"container\">\n\t\t\t\t<\/div>\n\t\t\t\t\t<\/div>\n\t\t\t\t<\/div>\n\t\t<div class=\"elementor-element elementor-element-b5b6437 e-flex e-con-boxed e-con e-parent\" data-id=\"b5b6437\" data-element_type=\"container\">\n\t\t\t\t\t<div class=\"e-con-inner\">\n\t\t<div class=\"elementor-element elementor-element-74f88a0 e-con-full e-flex e-con e-child\" data-id=\"74f88a0\" data-element_type=\"container\">\n\t\t\t\t<div class=\"elementor-element elementor-element-53f8212 elementor-widget elementor-widget-text-editor\" data-id=\"53f8212\" data-element_type=\"widget\" data-widget_type=\"text-editor.default\">\n\t\t\t\t<div class=\"elementor-widget-container\">\n\t\t\t\t\t\t\t\t\t<p>O Programa Educa\u00e7\u00e3o + est\u00e1 direcionado ao Apoio na \u00e1rea da Educa\u00e7\u00e3o da popula\u00e7\u00e3o mun\u00edcipe, permitindo apoiar o percurso escolar dos seus bolseiros durante os 3 (tr\u00eas) anos frequentados no ensino superior.<\/p><p>As Bolsas de Estudo atribu\u00eddas no \u00e2mbito deste programa est\u00e3o direcionadas aos candidatos que simultaneamente ingressaram no ensino superior e que provenham de agregados familiares mais carenciados, com o objetivo de aliviar o peso das despesas financeiras dos bolseiros, incentivando a continua\u00e7\u00e3o e especializa\u00e7\u00e3o dos seus estudos e a obten\u00e7\u00e3o de resultados escolares de excel\u00eancia.<\/p><p>O seu <span style=\"text-decoration: underline; text-decoration-color: #84754E;\"><a href=\"https:\/\/fundacaonunesbarata.pt\/wp-content\/uploads\/2025\/05\/Regulamento-Educacao-.pdf\">Regulamento<\/a><\/span> foi aprovado, com parecer favor\u00e1vel do Conselho de Curadores, por delibera\u00e7\u00e3o do Conselho de Administra\u00e7\u00e3o a 10 de abril de 2015, tendo desde ent\u00e3o e at\u00e9 \u00e0 data apoiado dezenas de alunos pampilhosenses.<\/p><p>\u00a0<\/p><p>Para consulta e <em>download<\/em>:<\/p><ul><li><a href=\"https:\/\/fundacaonunesbarata.pt\/wp-content\/uploads\/2025\/10\/Formulario-de-Candidatura-Educacao-Bolsa-1o-ano.pdf\">Formul\u00e1rio de Candidatura (1\u00ba ano)<\/a>;<\/li><li><a href=\"https:\/\/fundacaonunesbarata.pt\/wp-content\/uploads\/2025\/10\/Formulario-de-Candidatura-Educacao-Bolsa-Continuidade.pdf\">Formul\u00e1rio de Candidatura (Continuidade)<\/a>.<\/li><\/ul>\t\t\t\t\t\t\t\t<\/div>\n\t\t\t\t<\/div>\n\t\t\t\t<\/div>\n\t\t<div class=\"elementor-element elementor-element-b1d2eb2 e-con-full e-flex e-con e-child\" data-id=\"b1d2eb2\" data-element_type=\"container\">\n\t\t\t\t<div class=\"elementor-element elementor-element-49adf15 elementor-widget elementor-widget-video\" data-id=\"49adf15\" data-element_type=\"widget\" data-settings=\"{&quot;video_type&quot;:&quot;hosted&quot;,&quot;controls&quot;:&quot;yes&quot;}\" data-widget_type=\"video.default\">\n\t\t\t\t<div class=\"elementor-widget-container\">\n\t\t\t\t\t\t\t<div class=\"e-hosted-video elementor-wrapper elementor-open-inline\">\n\t\t\t\t\t<video class=\"elementor-video\" src=\"https:\/\/fundacaonunesbarata.pt\/wp-content\/uploads\/2025\/06\/FUNDACAO-JFNB_beneficiarios-educacao.mp4\" controls=\"\" preload=\"metadata\" controlsList=\"nodownload\"><\/video>\n\t\t\t\t<\/div>\n\t\t\t\t\t\t<\/div>\n\t\t\t\t<\/div>\n\t\t\t\t<\/div>\n\t\t\t\t\t<\/div>\n\t\t\t\t<\/div>\n\t\t<div class=\"elementor-element elementor-element-2ad6936 e-flex e-con-boxed e-con e-parent\" data-id=\"2ad6936\" data-element_type=\"container\">\n\t\t\t\t\t<div class=\"e-con-inner\">\n\t\t<div class=\"elementor-element elementor-element-c971246 e-con-full elementor-hidden-mobile e-flex e-con e-child\" data-id=\"c971246\" data-element_type=\"container\">\n\t\t\t\t<\/div>\n\t\t<div class=\"elementor-element elementor-element-8c29bed e-con-full e-flex e-con e-child\" data-id=\"8c29bed\" data-element_type=\"container\">\n\t\t\t\t<div class=\"elementor-element elementor-element-5446242 elementor-widget elementor-widget-text-editor\" data-id=\"5446242\" data-element_type=\"widget\" data-widget_type=\"text-editor.default\">\n\t\t\t\t<div class=\"elementor-widget-container\">\n\t\t\t\t\t\t\t\t\t<p>PROGRAMA ABEM: REDE SOLID\u00c1RIA DO MEDICAMENTO<\/p>\t\t\t\t\t\t\t\t<\/div>\n\t\t\t\t<\/div>\n\t\t\t\t<\/div>\n\t\t\t\t\t<\/div>\n\t\t\t\t<\/div>\n\t\t<div class=\"elementor-element elementor-element-aab6350 e-flex e-con-boxed e-con e-parent\" data-id=\"aab6350\" data-element_type=\"container\">\n\t\t\t\t\t<div class=\"e-con-inner\">\n\t\t<div class=\"elementor-element elementor-element-57d91ea e-con-full e-flex e-con e-child\" data-id=\"57d91ea\" data-element_type=\"container\">\n\t\t\t\t<div class=\"elementor-element elementor-element-1c5159c elementor-widget elementor-widget-video\" data-id=\"1c5159c\" data-element_type=\"widget\" data-settings=\"{&quot;video_type&quot;:&quot;hosted&quot;,&quot;controls&quot;:&quot;yes&quot;}\" data-widget_type=\"video.default\">\n\t\t\t\t<div class=\"elementor-widget-container\">\n\t\t\t\t\t\t\t<div class=\"e-hosted-video elementor-wrapper elementor-open-inline\">\n\t\t\t\t\t<video class=\"elementor-video\" src=\"https:\/\/fundacaonunesbarata.pt\/wp-content\/uploads\/2025\/06\/FUNDACAO-JFNB_beneficiarios-saude-1.mp4\" controls=\"\" preload=\"metadata\" controlsList=\"nodownload\"><\/video>\n\t\t\t\t<\/div>\n\t\t\t\t\t\t<\/div>\n\t\t\t\t<\/div>\n\t\t\t\t<\/div>\n\t\t<div class=\"elementor-element elementor-element-620c237 e-con-full e-flex e-con e-child\" data-id=\"620c237\" data-element_type=\"container\">\n\t\t\t\t<div class=\"elementor-element elementor-element-fa7b4b6 elementor-widget elementor-widget-text-editor\" data-id=\"fa7b4b6\" data-element_type=\"widget\" data-widget_type=\"text-editor.default\">\n\t\t\t\t<div class=\"elementor-widget-container\">\n\t\t\t\t\t\t\t\t\t<p>No \u00e2mbito do Protocolo Regular assinado com a Associa\u00e7\u00e3o Dignitude em 2018, a Funda\u00e7\u00e3o Dr. Jos\u00e9 Fernando Nunes Barata \u00e9 a entidade referenciadora em prol dos mun\u00edcipes.<\/p><p>Este Programa consiste na atribui\u00e7\u00e3o de um cart\u00e3o, emitido pela Associa\u00e7\u00e3o Dignitude, que regista e atribui descontos na aquisi\u00e7\u00e3o de medicamentos prescritos em receita m\u00e9dica e comparticipados pelo SNS pelos seus benefici\u00e1rios, aliviado deste modo a carga financeira despendida na aquisi\u00e7\u00e3o de medica\u00e7\u00e3o pelos pampilhosenses em situa\u00e7\u00e3o socioecon\u00f3mica mais prec\u00e1ria e carenciada.<\/p><p>Atualmente, a Funda\u00e7\u00e3o comparticipa o cart\u00e3o em 135,00 \u20ac por cada benefici\u00e1rio referenciado.<\/p><p><span style=\"text-decoration: underline #84754e; color: #84754e;\"><a style=\"color: #84754e; text-decoration: underline #84754e;\" href=\"https:\/\/fundacaonunesbarata.pt\/wp-content\/uploads\/2025\/05\/DIGNITUDE-Protocolo-2024_Fundacao-Dr.-Jose-Fernando-Nunes-Barata_signed.pdf\">Regulamento<\/a><\/span><\/p>\t\t\t\t\t\t\t\t<\/div>\n\t\t\t\t<\/div>\n\t\t\t\t<\/div>\n\t\t\t\t\t<\/div>\n\t\t\t\t<\/div>\n\t\t<div class=\"elementor-element elementor-element-4499e33 e-flex e-con-boxed e-con e-parent\" data-id=\"4499e33\" data-element_type=\"container\">\n\t\t\t\t\t<div class=\"e-con-inner\">\n\t\t<div class=\"elementor-element elementor-element-5949987 e-con-full e-flex e-con e-child\" data-id=\"5949987\" data-element_type=\"container\">\n\t\t\t\t<div class=\"elementor-element elementor-element-7dd664c elementor-widget elementor-widget-text-editor\" data-id=\"7dd664c\" data-element_type=\"widget\" data-widget_type=\"text-editor.default\">\n\t\t\t\t<div class=\"elementor-widget-container\">\n\t\t\t\t\t\t\t\t\t<p>BANCO DE PRODUTOS DE APOIO<\/p>\t\t\t\t\t\t\t\t<\/div>\n\t\t\t\t<\/div>\n\t\t\t\t<\/div>\n\t\t<div class=\"elementor-element elementor-element-f16133a e-con-full elementor-hidden-mobile e-flex e-con e-child\" data-id=\"f16133a\" data-element_type=\"container\">\n\t\t\t\t<\/div>\n\t\t\t\t\t<\/div>\n\t\t\t\t<\/div>\n\t\t<div class=\"elementor-element elementor-element-594bc20 e-flex e-con-boxed e-con e-parent\" data-id=\"594bc20\" data-element_type=\"container\">\n\t\t\t\t\t<div class=\"e-con-inner\">\n\t\t<div class=\"elementor-element elementor-element-f7bfa00 e-con-full e-flex e-con e-child\" data-id=\"f7bfa00\" data-element_type=\"container\">\n\t\t\t\t<div class=\"elementor-element elementor-element-80dd545 elementor-widget elementor-widget-text-editor\" data-id=\"80dd545\" data-element_type=\"widget\" data-widget_type=\"text-editor.default\">\n\t\t\t\t<div class=\"elementor-widget-container\">\n\t\t\t\t\t\t\t\t\t<p>O Banco de Produtos de Apoio \u00e9 uma iniciativa que tem como objetivo facilitar o acesso a produtos de apoio (as anteriormente designadas ajudas t\u00e9cnicas) atrav\u00e9s de um sistema de aluguer dos mesmos por valores mais reduzidos que os estipulados no mercado de venda, por per\u00edodos de tempo previamente definidos, mediante as necessidades dos benefici\u00e1rios, entre 1 (um), 3 (tr\u00eas), 6 (seis) ou 12 (doze) meses, com possibilidade da sua prolonga\u00e7\u00e3o.<\/p><p>Com este apoio, a Funda\u00e7\u00e3o pretende contribuir para a melhoria da qualidade de vida dos Pampilhosenses, promovendo a melhor integra\u00e7\u00e3o social e comunit\u00e1ria da popula\u00e7\u00e3o portadora de defici\u00eancia ou em situa\u00e7\u00e3o de incapacidade e\/ou depend\u00eancia por motivos de doen\u00e7a, idade avan\u00e7ada ou acidente, e dos seus cuidadores, aliviando o impacto econ\u00f3mico e financeiro impl\u00edcito ao acesso por compra dos equipamentos necess\u00e1rios e ajudando na gest\u00e3o do impacto f\u00edsico e\u00a0<\/p>\t\t\t\t\t\t\t\t<\/div>\n\t\t\t\t<\/div>\n\t\t\t\t<\/div>\n\t\t<div class=\"elementor-element elementor-element-3f39169 e-con-full e-flex e-con e-child\" data-id=\"3f39169\" data-element_type=\"container\">\n\t\t\t\t<div class=\"elementor-element elementor-element-4caacbe elementor-widget elementor-widget-text-editor\" data-id=\"4caacbe\" data-element_type=\"widget\" data-widget_type=\"text-editor.default\">\n\t\t\t\t<div class=\"elementor-widget-container\">\n\t\t\t\t\t\t\t\t\t<p>emocional que o aumento da esperan\u00e7a m\u00e9dia de vida e a sua consequente deteriora\u00e7\u00e3o ao n\u00edvel da sa\u00fade e capacidades motoras, sensoriais e f\u00edsicas dos benefici\u00e1rios.<\/p><p>O <a href=\"https:\/\/fundacaonunesbarata.pt\/wp-content\/uploads\/2025\/09\/Regulamento-versao-assinada.pdf\"><span style=\"text-decoration: underline; text-decoration-color: #84754E;\">Regulamento Interno do Banco de Produtos de Apoio<\/span><\/a> foi aprovado a 11 de fevereiro de 2025.<\/p><p>Para consulta e <em>download<\/em>:<\/p><ul><li><a href=\"https:\/\/fundacaonunesbarata.pt\/wp-content\/uploads\/2025\/09\/Anexo-I-a-Requerimento-a-Produtos-de-Apoio.pdf\">Requerimento a Produto(s) de Apoio<\/a>;<\/li><li><a href=\"https:\/\/fundacaonunesbarata.pt\/wp-content\/uploads\/2025\/09\/Anexo-I-d-Requerimento-a-prorrogacao-de-aluguer.pdf\">Requerimento a Prorroga\u00e7\u00e3o de Aluguer<\/a>;<\/li><li><a href=\"https:\/\/fundacaonunesbarata.pt\/wp-content\/uploads\/2025\/09\/Anexo-I-e-Termo-de-Responsabilidade.pdf\">Termo de Responsabilidade<\/a>;<\/li><li><a href=\"https:\/\/fundacaonunesbarata.pt\/wp-content\/uploads\/2025\/09\/Anexo-I-f-Termo-de-Devolucao.pdf\">Termo de Devolu\u00e7\u00e3o<\/a>;<\/li><li><a href=\"https:\/\/fundacaonunesbarata.pt\/wp-content\/uploads\/2025\/11\/Anexo-II-Tabela-de-Precos-para-Situacao-de-Aluguer.pdf\">Tabela de Pre\u00e7os<\/a>.<\/li><\/ul>\t\t\t\t\t\t\t\t<\/div>\n\t\t\t\t<\/div>\n\t\t\t\t<\/div>\n\t\t\t\t\t<\/div>\n\t\t\t\t<\/div>\n\t\t<div class=\"elementor-element elementor-element-cf981b9 e-flex e-con-boxed e-con e-parent\" data-id=\"cf981b9\" data-element_type=\"container\">\n\t\t\t\t\t<div class=\"e-con-inner\">\n\t\t\t\t\t<\/div>\n\t\t\t\t<\/div>\n\t\t\t\t<\/div>\n\t\t","protected":false},"excerpt":{"rendered":"<p>Programas FUNDO DE EMERG\u00caNCIA SOCIAL EDE APOIO \u00c0 SA\u00daDE Trata-se de um dos mais antigos programas implementados pela Funda\u00e7\u00e3o Dr. Jos\u00e9 Fernando Nunes Barata, com o objetivo de promover o apoio aos Pampilhosenses mais carenciados a n\u00edvel da sa\u00fade. Neste sentido, o Programa Fundo de Emerg\u00eancia Social e de Apoio \u00e0 Sa\u00fade \u00e9 em si [&hellip;]<\/p>\n","protected":false},"author":1,"featured_media":0,"parent":0,"menu_order":0,"comment_status":"closed","ping_status":"closed","template":"","meta":{"footnotes":""},"class_list":["post-1235","page","type-page","status-publish","hentry"],"_links":{"self":[{"href":"https:\/\/fundacaonunesbarata.pt\/index.php\/wp-json\/wp\/v2\/pages\/1235","targetHints":{"allow":["GET"]}}],"collection":[{"href":"https:\/\/fundacaonunesbarata.pt\/index.php\/wp-json\/wp\/v2\/pages"}],"about":[{"href":"https:\/\/fundacaonunesbarata.pt\/index.php\/wp-json\/wp\/v2\/types\/page"}],"author":[{"embeddable":true,"href":"https:\/\/fundacaonunesbarata.pt\/index.php\/wp-json\/wp\/v2\/users\/1"}],"replies":[{"embeddable":true,"href":"https:\/\/fundacaonunesbarata.pt\/index.php\/wp-json\/wp\/v2\/comments?post=1235"}],"version-history":[{"count":23,"href":"https:\/\/fundacaonunesbarata.pt\/index.php\/wp-json\/wp\/v2\/pages\/1235\/revisions"}],"predecessor-version":[{"id":1546,"href":"https:\/\/fundacaonunesbarata.pt\/index.php\/wp-json\/wp\/v2\/pages\/1235\/revisions\/1546"}],"wp:attachment":[{"href":"https:\/\/fundacaonunesbarata.pt\/index.php\/wp-json\/wp\/v2\/media?parent=1235"}],"curies":[{"name":"wp","href":"https:\/\/api.w.org\/{rel}","templated":true}]}}