{"id":1283,"date":"2025-06-04T15:29:19","date_gmt":"2025-06-04T15:29:19","guid":{"rendered":"https:\/\/fundacaonunesbarata.pt\/?page_id=1283"},"modified":"2026-01-16T11:51:03","modified_gmt":"2026-01-16T11:51:03","slug":"contactos-2","status":"publish","type":"page","link":"https:\/\/fundacaonunesbarata.pt\/index.php\/contactos-2\/","title":{"rendered":"Contactos"},"content":{"rendered":"\t\t<div data-elementor-type=\"wp-page\" data-elementor-id=\"1283\" class=\"elementor elementor-1283\" data-elementor-post-type=\"page\">\n\t\t\t\t<div class=\"elementor-element elementor-element-e18f0d8 e-flex e-con-boxed e-con e-parent\" data-id=\"e18f0d8\" data-element_type=\"container\">\n\t\t\t\t\t<div class=\"e-con-inner\">\n\t\t\t\t<div class=\"elementor-element elementor-element-4279452 elementor-widget elementor-widget-text-editor\" data-id=\"4279452\" data-element_type=\"widget\" data-widget_type=\"text-editor.default\">\n\t\t\t\t<div class=\"elementor-widget-container\">\n\t\t\t\t\t\t\t\t\t<p><span style=\"text-decoration: underline; text-decoration-color: #84754E; text-decoration-thickness: 3px; text-underline-offset: 5px;\">Contactos<\/span><\/p>\t\t\t\t\t\t\t\t<\/div>\n\t\t\t\t<\/div>\n\t\t\t\t\t<\/div>\n\t\t\t\t<\/div>\n\t\t<div class=\"elementor-element elementor-element-96a6b86 e-flex e-con-boxed e-con e-parent\" data-id=\"96a6b86\" data-element_type=\"container\">\n\t\t\t\t\t<div class=\"e-con-inner\">\n\t\t<div class=\"elementor-element elementor-element-007ea3a e-con-full e-flex e-con e-child\" data-id=\"007ea3a\" data-element_type=\"container\">\n\t\t\t\t<div class=\"elementor-element elementor-element-6d13155 elementor-widget elementor-widget-image\" data-id=\"6d13155\" data-element_type=\"widget\" data-widget_type=\"image.default\">\n\t\t\t\t<div class=\"elementor-widget-container\">\n\t\t\t\t\t\t\t\t\t\t\t\t\t\t\t<img fetchpriority=\"high\" decoding=\"async\" width=\"800\" height=\"459\" src=\"https:\/\/fundacaonunesbarata.pt\/wp-content\/uploads\/2025\/04\/P5-monsenhor-nunes-pereira_t-1.png\" class=\"attachment-large size-large wp-image-116\" alt=\"\" srcset=\"https:\/\/fundacaonunesbarata.pt\/wp-content\/uploads\/2025\/04\/P5-monsenhor-nunes-pereira_t-1.png 894w, https:\/\/fundacaonunesbarata.pt\/wp-content\/uploads\/2025\/04\/P5-monsenhor-nunes-pereira_t-1-300x172.png 300w, https:\/\/fundacaonunesbarata.pt\/wp-content\/uploads\/2025\/04\/P5-monsenhor-nunes-pereira_t-1-768x441.png 768w\" sizes=\"(max-width: 800px) 100vw, 800px\" \/>\t\t\t\t\t\t\t\t\t\t\t\t\t\t\t<\/div>\n\t\t\t\t<\/div>\n\t\t\t\t<\/div>\n\t\t<div class=\"elementor-element elementor-element-c56e7aa e-con-full e-flex e-con e-child\" data-id=\"c56e7aa\" data-element_type=\"container\">\n\t\t<div class=\"elementor-element elementor-element-37a616e e-con-full e-flex e-con e-child\" data-id=\"37a616e\" data-element_type=\"container\">\n\t\t\t\t<div class=\"elementor-element elementor-element-4703a23 elementor-widget elementor-widget-image\" data-id=\"4703a23\" data-element_type=\"widget\" data-widget_type=\"image.default\">\n\t\t\t\t<div class=\"elementor-widget-container\">\n\t\t\t\t\t\t\t\t\t\t\t\t\t\t\t<img decoding=\"async\" width=\"19\" height=\"25\" src=\"https:\/\/fundacaonunesbarata.pt\/wp-content\/uploads\/2025\/04\/icone_loc.png\" class=\"attachment-large size-large wp-image-747\" alt=\"\" \/>\t\t\t\t\t\t\t\t\t\t\t\t\t\t\t<\/div>\n\t\t\t\t<\/div>\n\t\t\t\t<div class=\"elementor-element elementor-element-e5993b1 elementor-widget elementor-widget-text-editor\" data-id=\"e5993b1\" data-element_type=\"widget\" data-widget_type=\"text-editor.default\">\n\t\t\t\t<div class=\"elementor-widget-container\">\n\t\t\t\t\t\t\t\t\t<p><strong><span style=\"text-decoration: underline;\">Sede<\/span><\/strong><\/p><p>Biblioteca Dr. Jos\u00e9 Fernando Nunes Barata<\/p><p>Edif\u00edcio Monsenhor Nunes Pereira<\/p><p>Rua Rangel de Lima<\/p><p>3320 &#8211; 222 Pampilhosa da Serra<\/p>\t\t\t\t\t\t\t\t<\/div>\n\t\t\t\t<\/div>\n\t\t\t\t<\/div>\n\t\t<div class=\"elementor-element elementor-element-4fe97d0 e-con-full e-flex e-con e-child\" data-id=\"4fe97d0\" data-element_type=\"container\">\n\t\t\t\t<div class=\"elementor-element elementor-element-4b16312 elementor-widget elementor-widget-image\" data-id=\"4b16312\" data-element_type=\"widget\" data-widget_type=\"image.default\">\n\t\t\t\t<div class=\"elementor-widget-container\">\n\t\t\t\t\t\t\t\t\t\t\t\t\t\t\t<img decoding=\"async\" width=\"19\" height=\"25\" src=\"https:\/\/fundacaonunesbarata.pt\/wp-content\/uploads\/2025\/04\/icone_loc.png\" class=\"attachment-large size-large wp-image-747\" alt=\"\" \/>\t\t\t\t\t\t\t\t\t\t\t\t\t\t\t<\/div>\n\t\t\t\t<\/div>\n\t\t\t\t<div class=\"elementor-element elementor-element-7f0810f elementor-widget elementor-widget-text-editor\" data-id=\"7f0810f\" data-element_type=\"widget\" data-widget_type=\"text-editor.default\">\n\t\t\t\t<div class=\"elementor-widget-container\">\n\t\t\t\t\t\t\t\t\t<p><span style=\"text-decoration: underline;\"><strong>Loja da Funda\u00e7\u00e3o<\/strong><\/span><\/p><p>Pra\u00e7a do Regionalismo<\/p><p>Centro Comercial, Fra\u00e7\u00e3o H<\/p><p>3320 &#8211; 229 Pampilhosa da Serra<\/p>\t\t\t\t\t\t\t\t<\/div>\n\t\t\t\t<\/div>\n\t\t\t\t<\/div>\n\t\t<div class=\"elementor-element elementor-element-ca0438a e-con-full e-flex e-con e-child\" data-id=\"ca0438a\" data-element_type=\"container\">\n\t\t\t\t<div class=\"elementor-element elementor-element-260570e elementor-widget elementor-widget-image\" data-id=\"260570e\" data-element_type=\"widget\" data-widget_type=\"image.default\">\n\t\t\t\t<div class=\"elementor-widget-container\">\n\t\t\t\t\t\t\t\t\t\t\t\t\t\t\t<img decoding=\"async\" width=\"25\" height=\"25\" src=\"https:\/\/fundacaonunesbarata.pt\/wp-content\/uploads\/2025\/04\/phone.png\" class=\"attachment-large size-large wp-image-745\" alt=\"\" \/>\t\t\t\t\t\t\t\t\t\t\t\t\t\t\t<\/div>\n\t\t\t\t<\/div>\n\t\t\t\t<div class=\"elementor-element elementor-element-6e26af8 elementor-widget elementor-widget-text-editor\" data-id=\"6e26af8\" data-element_type=\"widget\" data-widget_type=\"text-editor.default\">\n\t\t\t\t<div class=\"elementor-widget-container\">\n\t\t\t\t\t\t\t\t\t<p>(+351) 235 598 220<\/p>\t\t\t\t\t\t\t\t<\/div>\n\t\t\t\t<\/div>\n\t\t\t\t<\/div>\n\t\t<div class=\"elementor-element elementor-element-f3e77ff e-con-full e-flex e-con e-child\" data-id=\"f3e77ff\" data-element_type=\"container\">\n\t\t\t\t<div class=\"elementor-element elementor-element-e686d3c elementor-widget elementor-widget-image\" data-id=\"e686d3c\" data-element_type=\"widget\" data-widget_type=\"image.default\">\n\t\t\t\t<div class=\"elementor-widget-container\">\n\t\t\t\t\t\t\t\t\t\t\t\t\t\t\t<img loading=\"lazy\" decoding=\"async\" width=\"23\" height=\"17\" src=\"https:\/\/fundacaonunesbarata.pt\/wp-content\/uploads\/2025\/04\/email.png\" class=\"attachment-large size-large wp-image-746\" alt=\"\" \/>\t\t\t\t\t\t\t\t\t\t\t\t\t\t\t<\/div>\n\t\t\t\t<\/div>\n\t\t\t\t<div class=\"elementor-element elementor-element-586ab49 elementor-widget elementor-widget-text-editor\" data-id=\"586ab49\" data-element_type=\"widget\" data-widget_type=\"text-editor.default\">\n\t\t\t\t<div class=\"elementor-widget-container\">\n\t\t\t\t\t\t\t\t\t<p><a href=\"mailto:geral@fundacaonunesbarata.pt\">geral@fundacaonunesbarata.pt<\/a><\/p>\t\t\t\t\t\t\t\t<\/div>\n\t\t\t\t<\/div>\n\t\t\t\t<\/div>\n\t\t\t\t<\/div>\n\t\t\t\t\t<\/div>\n\t\t\t\t<\/div>\n\t\t\t\t<\/div>\n\t\t","protected":false},"excerpt":{"rendered":"<p>Contactos Sede Biblioteca Dr. Jos\u00e9 Fernando Nunes Barata Edif\u00edcio Monsenhor Nunes Pereira Rua Rangel de Lima 3320 &#8211; 222 Pampilhosa da Serra Loja da Funda\u00e7\u00e3o Pra\u00e7a do Regionalismo Centro Comercial, Fra\u00e7\u00e3o H 3320 &#8211; 229 Pampilhosa da Serra (+351) 235 598 220 geral@fundacaonunesbarata.pt<\/p>\n","protected":false},"author":1,"featured_media":0,"parent":0,"menu_order":0,"comment_status":"closed","ping_status":"closed","template":"","meta":{"footnotes":""},"class_list":["post-1283","page","type-page","status-publish","hentry"],"_links":{"self":[{"href":"https:\/\/fundacaonunesbarata.pt\/index.php\/wp-json\/wp\/v2\/pages\/1283","targetHints":{"allow":["GET"]}}],"collection":[{"href":"https:\/\/fundacaonunesbarata.pt\/index.php\/wp-json\/wp\/v2\/pages"}],"about":[{"href":"https:\/\/fundacaonunesbarata.pt\/index.php\/wp-json\/wp\/v2\/types\/page"}],"author":[{"embeddable":true,"href":"https:\/\/fundacaonunesbarata.pt\/index.php\/wp-json\/wp\/v2\/users\/1"}],"replies":[{"embeddable":true,"href":"https:\/\/fundacaonunesbarata.pt\/index.php\/wp-json\/wp\/v2\/comments?post=1283"}],"version-history":[{"count":13,"href":"https:\/\/fundacaonunesbarata.pt\/index.php\/wp-json\/wp\/v2\/pages\/1283\/revisions"}],"predecessor-version":[{"id":1580,"href":"https:\/\/fundacaonunesbarata.pt\/index.php\/wp-json\/wp\/v2\/pages\/1283\/revisions\/1580"}],"wp:attachment":[{"href":"https:\/\/fundacaonunesbarata.pt\/index.php\/wp-json\/wp\/v2\/media?parent=1283"}],"curies":[{"name":"wp","href":"https:\/\/api.w.org\/{rel}","templated":true}]}}